{"id":146,"date":"2024-06-28T16:36:07","date_gmt":"2024-06-28T14:36:07","guid":{"rendered":"https:\/\/ressourcementnature.be\/?page_id=146"},"modified":"2025-06-11T09:17:22","modified_gmt":"2025-06-11T07:17:22","slug":"qui-suis-je","status":"publish","type":"page","link":"https:\/\/ressourcementnature.be\/?page_id=146","title":{"rendered":"Qui suis-je?"},"content":{"rendered":"\n<figure class=\"wp-block-image size-large is-resized wp-duotone-unset-1\"><img loading=\"lazy\" decoding=\"async\" width=\"724\" height=\"1024\" src=\"https:\/\/ressourcementnature.be\/wp-content\/uploads\/2024\/12\/Qui-suis-je-724x1024.png\" alt=\"\" class=\"wp-image-333\" style=\"width:356px;height:auto\" srcset=\"https:\/\/ressourcementnature.be\/wp-content\/uploads\/2024\/12\/Qui-suis-je-724x1024.png 724w, https:\/\/ressourcementnature.be\/wp-content\/uploads\/2024\/12\/Qui-suis-je-212x300.png 212w, https:\/\/ressourcementnature.be\/wp-content\/uploads\/2024\/12\/Qui-suis-je-768x1086.png 768w, https:\/\/ressourcementnature.be\/wp-content\/uploads\/2024\/12\/Qui-suis-je-1086x1536.png 1086w, https:\/\/ressourcementnature.be\/wp-content\/uploads\/2024\/12\/Qui-suis-je-42x60.png 42w, https:\/\/ressourcementnature.be\/wp-content\/uploads\/2024\/12\/Qui-suis-je.png 1414w\" sizes=\"auto, (max-width: 724px) 100vw, 724px\" \/><\/figure>\n\n\n\n<p>N\u00e9e en 1981, \u00e0 peine onze mois apr\u00e8s mon grand fr\u00e8re, mon enfance s\u2019est d\u00e9roul\u00e9e dans un esprit de famille. Des activit\u00e9s rythmaient chaque jour de la semaine&nbsp;; piano, solf\u00e8ge, gymnastique, piscine, amis, balades et visites culturelles. Le respect, la bienveillance, l\u2019amiti\u00e9, la coh\u00e9sion sont des valeurs qui font partie int\u00e9grante de mon histoire. Le besoin de d\u00e9couvrir sans cesse de nouveaux horizons m&#8217;accompagne au jour le jour.<\/p>\n\n\n\n<p>J\u2019ai d\u00e9couvert le reiki a 18 ans gr\u00e2ce \u00e0 un soin qui m\u2019a \u00e9t\u00e9 offert par ma tante. Au fil de mes r\u00e9flexions, de mon besoin de d\u00e9veloppement personnel j\u2019ai suivi les formations de 1<sup>er<\/sup>, 2<sup>\u00e8me<\/sup> et 3<sup>\u00e8me<\/sup> degr\u00e9 Reiki.<\/p>\n\n\n\n<p>En compl\u00e9mentarit\u00e9 au Reiki et par curiosit\u00e9 je me suis form\u00e9e au Lahochi, \u00e9galement une technique de soin \u00e9nerg\u00e9tique orient\u00e9e vers le bienfait pour le corps physique et l\u2019esprit. &nbsp;<\/p>\n\n\n\n<p>Les massages, le toucher m\u00e9lang\u00e9 \u00e0 une bonne circulation \u00e9nerg\u00e9tique sont une \u00e9vidence pour moi en termes de bien-\u00eatre et de d\u00e9veloppement personnel. J\u2019ai commenc\u00e9 ma formation par le massage 5 continents qui allie des approches provenant des 5 continents et les rassemblent dans un massage holistique (huiles essentielles, \u00e9nergie, 5 techniques de massages). A cela, j\u2019ai ajout\u00e9 le massage m\u00e9tamorphique qui consiste \u00e0 travailler sur la m\u00e9moire cellulaire en massant certains points pr\u00e9cis (main, pied, t\u00eate). Passionn\u00e9e de sport, je me suis form\u00e9e au massage sportif que j&#8217;aime transmettre pour apaiser les tensions musculaires. <\/p>\n\n\n\n<p>Form\u00e9e \u00e0 l&#8217;aromath\u00e9rapie, je personnalise les massages avec des compositions de synergie d&#8217;huiles essentielles adapt\u00e9es aux besoins de la personne. <\/p>\n\n\n\n<p><\/p>\n\n\n\n<hr class=\"wp-block-separator has-css-opacity is-style-default\"\/>\n\n\n\n<p><\/p>\n\n\n\n<div class=\"wp-block-buttons is-layout-flex wp-block-buttons-is-layout-flex\">\n<div class=\"wp-block-button\"><a class=\"wp-block-button__link wp-element-button\" href=\"https:\/\/ressourcementnature.be\/wp-content\/uploads\/2025\/01\/Reiki-III.pdf\">Reiki<\/a><\/div>\n\n\n\n<div class=\"wp-block-button\"><a class=\"wp-block-button__link wp-element-button\">Lahochi<\/a><\/div>\n\n\n\n<div class=\"wp-block-button\"><a class=\"wp-block-button__link wp-element-button\">Massage Sportif<\/a><\/div>\n\n\n\n<div class=\"wp-block-button\"><a class=\"wp-block-button__link wp-element-button\" href=\"https:\/\/ressourcementnature.be\/wp-content\/uploads\/2025\/01\/Massage-5-continents.pdf\">Massage 5 continents<\/a><\/div>\n\n\n\n<div class=\"wp-block-button\"><a class=\"wp-block-button__link wp-element-button\" href=\"https:\/\/ressourcementnature.be\/wp-content\/uploads\/2025\/01\/Massage-Metamorphique.pdf\">Massage M\u00e9tamorphique<\/a><\/div>\n<\/div>\n\n\n\n<p><strong>Contactez-moi <\/strong><\/p>\n\n\n\n<p>+32 472 40 25 27<\/p>\n\n\n\n<p>flore@ressourcementnature.be<\/p>\n\n\n\n<div data-wp-interactive=\"core\/file\" class=\"wp-block-file\"><object data-wp-bind--hidden=\"!state.hasPdfPreview\" hidden class=\"wp-block-file__embed\" data=\"https:\/\/ressourcementnature.be\/wp-content\/uploads\/2025\/01\/Massage-Metamorphique.pdf\" type=\"application\/pdf\" style=\"width:100%;height:400px\" aria-label=\"Embed of Massage M\u00e9tamorphique.\"><\/object><a id=\"wp-block-file--media-6c2308c1-5cdb-4f10-a118-5b4ec7a6a5da\" href=\"https:\/\/ressourcementnature.be\/wp-content\/uploads\/2025\/01\/Massage-Metamorphique.pdf\">Massage M\u00e9tamorphique<\/a><a href=\"https:\/\/ressourcementnature.be\/wp-content\/uploads\/2025\/01\/Massage-Metamorphique.pdf\" class=\"wp-block-file__button wp-element-button\" download aria-describedby=\"wp-block-file--media-6c2308c1-5cdb-4f10-a118-5b4ec7a6a5da\">T\u00e9l\u00e9charger<\/a><\/div>\n\n\n\n<div class=\"wp-block-group alignfull has-contrast-color has-text-color is-vertical is-content-justification-center is-layout-flex wp-container-core-group-is-layout-f1198d31 wp-block-group-is-layout-flex\" style=\"min-height:40vh;margin-top:0;margin-bottom:0;padding-top:var(--wp--preset--spacing--60);padding-right:var(--wp--preset--spacing--50);padding-bottom:var(--wp--preset--spacing--60);padding-left:var(--wp--preset--spacing--50)\"><div style=\"margin-bottom:6px;\" class=\"is-default-size aligncenter wp-block-site-logo\"><a href=\"https:\/\/ressourcementnature.be\/\" class=\"custom-logo-link\" rel=\"home\"><img loading=\"lazy\" decoding=\"async\" width=\"2372\" height=\"1057\" src=\"https:\/\/ressourcementnature.be\/wp-content\/uploads\/2025\/02\/cropped-received_603935919185831.png\" class=\"custom-logo\" alt=\"\" srcset=\"https:\/\/ressourcementnature.be\/wp-content\/uploads\/2025\/02\/cropped-received_603935919185831.png 2372w, https:\/\/ressourcementnature.be\/wp-content\/uploads\/2025\/02\/cropped-received_603935919185831-300x134.png 300w, https:\/\/ressourcementnature.be\/wp-content\/uploads\/2025\/02\/cropped-received_603935919185831-1024x456.png 1024w, https:\/\/ressourcementnature.be\/wp-content\/uploads\/2025\/02\/cropped-received_603935919185831-768x342.png 768w, https:\/\/ressourcementnature.be\/wp-content\/uploads\/2025\/02\/cropped-received_603935919185831-1536x684.png 1536w, https:\/\/ressourcementnature.be\/wp-content\/uploads\/2025\/02\/cropped-received_603935919185831-2048x913.png 2048w, https:\/\/ressourcementnature.be\/wp-content\/uploads\/2025\/02\/cropped-received_603935919185831-135x60.png 135w\" sizes=\"auto, (max-width: 2372px) 100vw, 2372px\" \/><\/a><\/div>\n\n\n<p class=\"has-text-align-center has-medium-font-size\">Proudly powered by <a href=\"https:\/\/wordpress.org\">WordPress<\/a><\/p>\n\n\n\n<ul class=\"wp-block-social-links has-normal-icon-size is-style-logos-only is-nowrap is-layout-flex wp-container-core-social-links-is-layout-53bee8aa wp-block-social-links-is-layout-flex\"><li class=\"wp-social-link wp-social-link-facebook  wp-block-social-link\"><a href=\"#\" class=\"wp-block-social-link-anchor\"><svg width=\"24\" height=\"24\" viewBox=\"0 0 24 24\" version=\"1.1\" xmlns=\"http:\/\/www.w3.org\/2000\/svg\" aria-hidden=\"true\" focusable=\"false\"><path d=\"M12 2C6.5 2 2 6.5 2 12c0 5 3.7 9.1 8.4 9.9v-7H7.9V12h2.5V9.8c0-2.5 1.5-3.9 3.8-3.9 1.1 0 2.2.2 2.2.2v2.5h-1.3c-1.2 0-1.6.8-1.6 1.6V12h2.8l-.4 2.9h-2.3v7C18.3 21.1 22 17 22 12c0-5.5-4.5-10-10-10z\"><\/path><\/svg><span class=\"wp-block-social-link-label screen-reader-text\">Facebook<\/span><\/a><\/li>\n\n<li class=\"wp-social-link wp-social-link-twitter  wp-block-social-link\"><a href=\"#\" class=\"wp-block-social-link-anchor\"><svg width=\"24\" height=\"24\" viewBox=\"0 0 24 24\" version=\"1.1\" xmlns=\"http:\/\/www.w3.org\/2000\/svg\" aria-hidden=\"true\" focusable=\"false\"><path d=\"M22.23,5.924c-0.736,0.326-1.527,0.547-2.357,0.646c0.847-0.508,1.498-1.312,1.804-2.27 c-0.793,0.47-1.671,0.812-2.606,0.996C18.324,4.498,17.257,4,16.077,4c-2.266,0-4.103,1.837-4.103,4.103 c0,0.322,0.036,0.635,0.106,0.935C8.67,8.867,5.647,7.234,3.623,4.751C3.27,5.357,3.067,6.062,3.067,6.814 c0,1.424,0.724,2.679,1.825,3.415c-0.673-0.021-1.305-0.206-1.859-0.513c0,0.017,0,0.034,0,0.052c0,1.988,1.414,3.647,3.292,4.023 c-0.344,0.094-0.707,0.144-1.081,0.144c-0.264,0-0.521-0.026-0.772-0.074c0.522,1.63,2.038,2.816,3.833,2.85 c-1.404,1.1-3.174,1.756-5.096,1.756c-0.331,0-0.658-0.019-0.979-0.057c1.816,1.164,3.973,1.843,6.29,1.843 c7.547,0,11.675-6.252,11.675-11.675c0-0.178-0.004-0.355-0.012-0.531C20.985,7.47,21.68,6.747,22.23,5.924z\"><\/path><\/svg><span class=\"wp-block-social-link-label screen-reader-text\">Twitter<\/span><\/a><\/li>\n\n<li class=\"wp-social-link wp-social-link-wordpress  wp-block-social-link\"><a href=\"#\" class=\"wp-block-social-link-anchor\"><svg width=\"24\" height=\"24\" viewBox=\"0 0 24 24\" version=\"1.1\" xmlns=\"http:\/\/www.w3.org\/2000\/svg\" aria-hidden=\"true\" focusable=\"false\"><path d=\"M12.158,12.786L9.46,20.625c0.806,0.237,1.657,0.366,2.54,0.366c1.047,0,2.051-0.181,2.986-0.51 c-0.024-0.038-0.046-0.079-0.065-0.124L12.158,12.786z M3.009,12c0,3.559,2.068,6.634,5.067,8.092L3.788,8.341 C3.289,9.459,3.009,10.696,3.009,12z M18.069,11.546c0-1.112-0.399-1.881-0.741-2.48c-0.456-0.741-0.883-1.368-0.883-2.109 c0-0.826,0.627-1.596,1.51-1.596c0.04,0,0.078,0.005,0.116,0.007C16.472,3.904,14.34,3.009,12,3.009 c-3.141,0-5.904,1.612-7.512,4.052c0.211,0.007,0.41,0.011,0.579,0.011c0.94,0,2.396-0.114,2.396-0.114 C7.947,6.93,8.004,7.642,7.52,7.699c0,0-0.487,0.057-1.029,0.085l3.274,9.739l1.968-5.901l-1.401-3.838 C9.848,7.756,9.389,7.699,9.389,7.699C8.904,7.67,8.961,6.93,9.446,6.958c0,0,1.484,0.114,2.368,0.114 c0.94,0,2.397-0.114,2.397-0.114c0.485-0.028,0.542,0.684,0.057,0.741c0,0-0.488,0.057-1.029,0.085l3.249,9.665l0.897-2.996 C17.841,13.284,18.069,12.316,18.069,11.546z M19.889,7.686c0.039,0.286,0.06,0.593,0.06,0.924c0,0.912-0.171,1.938-0.684,3.22 l-2.746,7.94c2.673-1.558,4.47-4.454,4.47-7.771C20.991,10.436,20.591,8.967,19.889,7.686z M12,22C6.486,22,2,17.514,2,12 C2,6.486,6.486,2,12,2c5.514,0,10,4.486,10,10C22,17.514,17.514,22,12,22z\"><\/path><\/svg><span class=\"wp-block-social-link-label screen-reader-text\">WordPress<\/span><\/a><\/li><\/ul>\n<\/div>\n\n\n\n<p><\/p>\n","protected":false},"excerpt":{"rendered":"<p>N\u00e9e en 1981, \u00e0 peine onze mois apr\u00e8s mon grand fr\u00e8re, mon enfance s\u2019est d\u00e9roul\u00e9e dans un esprit de famille. Des activit\u00e9s rythmaient chaque jour de la semaine&nbsp;; piano, solf\u00e8ge, &hellip; <\/p>\n","protected":false},"author":1,"featured_media":382,"parent":0,"menu_order":0,"comment_status":"closed","ping_status":"closed","template":"","meta":{"footnotes":""},"class_list":["post-146","page","type-page","status-publish","has-post-thumbnail","hentry"],"_links":{"self":[{"href":"https:\/\/ressourcementnature.be\/index.php?rest_route=\/wp\/v2\/pages\/146","targetHints":{"allow":["GET"]}}],"collection":[{"href":"https:\/\/ressourcementnature.be\/index.php?rest_route=\/wp\/v2\/pages"}],"about":[{"href":"https:\/\/ressourcementnature.be\/index.php?rest_route=\/wp\/v2\/types\/page"}],"author":[{"embeddable":true,"href":"https:\/\/ressourcementnature.be\/index.php?rest_route=\/wp\/v2\/users\/1"}],"replies":[{"embeddable":true,"href":"https:\/\/ressourcementnature.be\/index.php?rest_route=%2Fwp%2Fv2%2Fcomments&post=146"}],"version-history":[{"count":16,"href":"https:\/\/ressourcementnature.be\/index.php?rest_route=\/wp\/v2\/pages\/146\/revisions"}],"predecessor-version":[{"id":471,"href":"https:\/\/ressourcementnature.be\/index.php?rest_route=\/wp\/v2\/pages\/146\/revisions\/471"}],"wp:featuredmedia":[{"embeddable":true,"href":"https:\/\/ressourcementnature.be\/index.php?rest_route=\/wp\/v2\/media\/382"}],"wp:attachment":[{"href":"https:\/\/ressourcementnature.be\/index.php?rest_route=%2Fwp%2Fv2%2Fmedia&parent=146"}],"curies":[{"name":"wp","href":"https:\/\/api.w.org\/{rel}","templated":true}]}}